{"id":2410,"date":"2021-05-24T13:45:44","date_gmt":"2021-05-24T13:45:44","guid":{"rendered":"https:\/\/fivetn.com\/baer\/?page_id=2410"},"modified":"2021-06-03T13:28:28","modified_gmt":"2021-06-03T13:28:28","slug":"privacy-policy","status":"publish","type":"page","link":"https:\/\/baergroup.ro\/en\/privacy-policy\/","title":{"rendered":"Privacy Policy"},"content":{"rendered":"<\/p>\r\n<h2><\/h2>\r\n<p><strong>Utilizarea datelor personale \u2013 Privacy Policy<\/strong><\/p>\r\n<p>Siguran\u021ba datelor tale este important\u0103 pentru noi! Te inform\u0103m c\u0103 respect\u0103m\u00a0<em>Regulamentul UE 2016\/679 pentru protec\u021bia datelor<\/em>\u00a0\u0219i \u00ee\u021bi confirm\u0103m c\u0103 datele tale sunt \u00een siguran\u021b\u0103 cu noi!<\/p>\r\n<p>Trebuie s\u0103 \u0219tii c\u0103 atunci c\u00e2nd vine vorba de datele tale, ai mai multe drepturi pe care noi le respect\u0103m. Mai jos va informam cum aplicam noi Regulamentul european, raportat la drepturile pe care legea vi le confer\u0103.<\/p>\r\n<p>Noi colectam aceste date atunci c\u00e2nd completezi formularul de cerere oferta sau contract de pe site-ul nostru, cu scopul de a r\u0103spunde la solicitarea de oferte. Aceste date se vor folosi in principal pentru a-ti comunica si de a-ti oferi informa\u021bii utile pe care le-ai solicitat. Ai oric\u00e2nd op\u021biunea de a opta pentru \u0219tergerea datelor tale din baza noastr\u0103 de date. Totu\u0219i in cazul in care e\u0219ti deja clientul nostru, datele personale trebuie p\u0103strate o perioad\u0103 minima de timp, conform legii.<\/p>\r\n<p><strong>Ce date personale colect\u0103m despre dumneavoastr\u0103?\u00a0 \u2013\u00a0<\/strong>\u00a0dreptul la informare<\/p>\r\n<p>Cu ajutorul site-ului\u00a0<strong>baergroup.ro<\/strong>\u00a0prelucr\u0103m strict acele date care sunt necesare r\u0103spunsului de cerere oferta c\u0103tre solicitan\u021bi \u0219i inform\u0103rii acestora cu privire la serviciile prestate, termenele de execu\u021bie \u0219i costurile percepute.<\/p>\r\n<p><strong>Baer Group colecteaz\u0103 prin intermediul site-ului urm\u0103toarele tipuri de date:<\/strong><\/p>\r\n<p>Nume si prenume, email, website si telefon.<\/p>\r\n<p>1. Datele colectate si stocate prin formularul de contract: nume, prenume, email.<\/p>\r\n<p><strong>Scopul si temeiul juridic al prelucr\u0103rii datelor:<\/strong><\/p>\r\n<p>Datele solicitate sunt necesare pentru a putea r\u0103spunde cererilor de ofert\u0103, prin email sau telefonic. Modalitatea in care se va primi r\u0103spunsul va fi stabilita de c\u0103tre reprezentantul\u00a0<strong>Baer Group<\/strong>.<\/p>\r\n<p><strong>Cum utiliz\u0103m aceste date?<\/strong><\/p>\r\n<p>Datele sunt utilizate strict pentru r\u0103spunsul la cererile de oferta ale solicitan\u021bilor, adic\u0103 furnizarea de informa\u021bii cu privire la serviciile prestate, termenele de execu\u021bie \u0219i costurile percepute. Noi nu trimitem anun\u021buri cu scop de marketing. Comunicarea cu dvs. se realizeaz\u0103 doar \u00een scop administrativ, si va fi stabilita de c\u0103tre reprezentantul Baer Group.<\/p>\r\n<p><strong>Cui mai distribuim datele?<\/strong><\/p>\r\n<p>Datele sunt prelucrate doar de compania BAER GROUP. Datele personale nu sunt distribuite altor entit\u0103\u021bi private pentru a fi folosite.<\/p>\r\n<p><strong>Securizarea \u0219i criptarea datelor<\/strong><\/p>\r\n<p>Utiliz\u0103m standardele acceptate general \u00een domeniu \u00een ceea ce prive\u0219te securitatea p\u0103str\u0103rii datelor, acolo unde este cazul \u0219i \u00een ceea ce prive\u0219te criptarea lor. V\u0103 vom anun\u021ba imediat ce descoperim accesarea datelor de persoane neautorizate, dac\u0103 va fi cazul!<\/p>\r\n<p><strong>Utilizarea \u00a0de cookies \u0219i tehnologii similare<\/strong><\/p>\r\n<p><strong>Ce sunt cookie-urile?<\/strong><\/p>\r\n<p>Utiliz\u0103m cookies\u00a0 doar \u00een interiorul softului, pentru a permite\u00a0o navigare mai buna, mai utila si pl\u0103cuta a utilizatorului \u00eentre diferitele sec\u021biuni. Nu p\u0103stram istoricul activit\u0103\u021bii utilizatorului dup\u0103 p\u0103r\u0103sirea softului \u0219i nici \u00een leg\u0103tur\u0103 cu activitatea persoanei \u00een afara softului de la adresa\u00a0<a href=\"http:\/\/baergroup.ro\/\"><strong>baergroup.ro<\/strong><\/a><strong>.<\/strong><\/p>\r\n<p>Cookie-urile sunt fi\u0219iere de mici dimensiuni, formate din litere si numere, care vor fi stocate pe terminalul utilizatorului (de ex. computerul, telefonul mobil sau alte echipamente ale unui utilizator de pe care se acceseaz\u0103 internetul). Cookie-ul este instalat prin solicitarea emisa de c\u0103tre un web-server unui browser (ex: Internet Explorer, Firefox, Opera, Safari, Chrome etc.)<\/p>\r\n<p>Pute\u021bi decide \u0219tergerea cookie-urilor sau oprirea scrierii lor, folosind set\u0103rile browserului. Dezactivarea modulelor cookie va poate \u00eempiedica sa utiliza\u021bi anumite p\u0103r\u021bi ale site-urilor sau aplica\u021biilor noastre.<\/p>\r\n<p><strong>Cine folose\u0219te si are acces la aceste informa\u021bii?<\/strong><\/p>\r\n<p><strong>*\u00a0<\/strong>Membrii Baer Group din departamentele: adminstratie, vanzari, marketing, si dezvoltare IT<strong>.<\/strong><\/p>\r\n<p><strong>Pe ce durata vor fi stocate datele ?<\/strong><\/p>\r\n<p>Datele personale sunt stocate atat timp cat vom considera c\u0103 sunt utile sau at\u00e2t timp c\u00e2t cere legea, dac\u0103 nu primim indica\u021bii exprese s\u0103 proced\u0103m altfel, de la tine.<\/p>\r\n<p><strong>Drepturile\u00a0 tale sunt:<\/strong><\/p>\r\n<p><strong>DREPTUL DE ACCES LA DATELE CU CARACTER PERSONAL<\/strong><\/p>\r\n<div>\r\n<p><strong>DREPTUL LA RECTIFICARE DATELOR PRELUCRATE<\/strong><\/p>\r\n<p><strong>DREPTUL LA OPOZITIE PRIVIND PRELUCRAREA DATELOR<\/strong><\/p>\r\n<p><strong>DREPTUL LA STERGEREA DATELOR<\/strong><\/p>\r\n<p><strong>DREPTUL LA RESTRICTIONAREA PRELUCRARII<\/strong><\/p>\r\n<p><strong>DREPTUL LA PORTABILITATEA DATELOR<\/strong><\/p>\r\n<p><strong>DREPTUL DE ANU FI SUPUS EXCLUSIV PRELUCRARII AUTOMATE\/CREARE DE PROFILURI<\/strong><\/p>\r\n<p><strong>DREPTUL DE A DEPUNE O PLANGERE LA O AUTORITATE DE SUPRAVEGHERE<\/strong><\/p>\r\n<p><strong>Cum ai acces la datele tale?<\/strong><\/p>\r\n<p>Pentru orice \u00eentreb\u0103ri sau cereri referitoare la datele cu caracter personal pe care ni le-ai transmis, inclusiv in vederea exercit\u0103rii drepturilor pe care le ai, men\u021bionate in cadrul sec\u021biunii anterioare, ne po\u021bi contacta oric\u00e2nd la:<\/p>\r\n<p>Email:\u00a0<a href=\"mailto:office@baergroup.ro\">office@baergroup.ro<\/a><\/p>\r\n<p>Telefon: <a href=\"tel:+40757497395\">+40757497395<\/a><\/p>\r\n<p>Adresa: Bvd. Republicii, 1\/115, cod po\u0219tal-430221 Baia Mare<\/p>\r\n<\/div>\r\n<p><strong>Cum pot \u0219terge datele mele personale?<\/strong><\/p>\r\n<p>Datele personale pot fi \u0219terse prin expedierea unui email c\u0103tre <a href=\"mailto:office@baergroup.ro\">office@baergroup.ro<\/a>, noi vom \u00eenregistra solicitarea dumneavoastr\u0103 iar datele vor fi \u0219terse definitiv \u00een maxim 15 zile de la primirea solicit\u0103rii, cu excep\u021bia situa\u021biei c\u00e2nd un temei legal ne oblig\u0103 s\u0103 proced\u0103m altfel.<\/p>\r\n<p><strong>Cui m\u0103 adresez \u00een cazul \u00een care nu doresc ca datele mele personale sa fie prelucrate?\u00a0 \u2013\u00a0<\/strong>dreptul la opozi\u021bie<\/p>\r\n<p>\u00cen cazul \u00een care p\u0103strarea datelor dvs. personale \u00een baza de date sau prelucrarea lor v\u0103 aduc prejudicii, pute\u021bi de asemenea s\u0103 ne scrie\u021bi pe adresa <a href=\"mailto:office@baergroup.ro\">office@baergroup.ro<\/a>\u00a0\u0219i vom lua masurile legale \u00een maxim 15 zile de la primirea solicit\u0103rii.<\/p>\r\n<p><strong>Persoana responsabil\u0103 cu prelucrarea datelor<\/strong><\/p>\r\n<p>Persoana desemnat\u0103 \u00een cadrul companiei noastre cu prelucrarea datelor cu caracter personal, este dl. Mihai Burzo. Pentru orice sugestii sau nel\u0103muriri ne pute\u021bi scrie pe adresa <a href=\"mailto:office@baergroup.ro\">office@baergroup.ro<\/a>.<\/p>\r\n<p>Ave\u021bi de asemenea dreptul sa v\u0103 adresa\u021bi Autorit\u0103\u0163ii Na\u0163ionale de Supraveghere a Prelucr\u0103rii Datelor cu Caracter Personal sau instan\u021belor competente.<\/p>\r\n<p><strong><em>Echipa Baer Group.<\/em><\/strong><\/p>\r\n<p>[\/vc_column_text][\/vc_column][\/vc_row]<\/p><p>[vc_row][vc_column][vc_column_text]<\/p>\r\n<h2><!-- wp:heading --><\/h2>\r\n<p><strong>Utilizarea datelor personale \u2013 Privacy Policy<\/strong><\/p>\r\n<p>Siguran\u021ba datelor tale este important\u0103 pentru noi! Te inform\u0103m c\u0103 respect\u0103m\u00a0<em>Regulamentul UE 2016\/679 pentru protec\u021bia datelor<\/em>\u00a0\u0219i \u00ee\u021bi confirm\u0103m c\u0103 datele tale sunt \u00een siguran\u021b\u0103 cu noi!<\/p>\r\n<p>Trebuie s\u0103 \u0219tii c\u0103 atunci c\u00e2nd vine vorba de datele tale, ai mai multe drepturi pe care noi le respect\u0103m. Mai jos va informam cum aplicam noi Regulamentul european, raportat la drepturile pe care legea vi le confer\u0103.<\/p>\r\n<p>Noi colectam aceste date atunci c\u00e2nd completezi formularul de cerere oferta sau contract de pe site-ul nostru, cu scopul de a r\u0103spunde la solicitarea de oferte. Aceste date se vor folosi in principal pentru a-ti comunica si de a-ti oferi informa\u021bii utile pe care le-ai solicitat. Ai oric\u00e2nd op\u021biunea de a opta pentru \u0219tergerea datelor tale din baza noastr\u0103 de date. Totu\u0219i in cazul in care e\u0219ti deja clientul nostru, datele personale trebuie p\u0103strate o perioad\u0103 minima de timp, conform legii.<\/p>\r\n<p><strong>Ce date personale colect\u0103m despre dumneavoastr\u0103?\u00a0 \u2013\u00a0<\/strong>\u00a0dreptul la informare<\/p>\r\n<p>Cu ajutorul site-ului\u00a0<strong>baergroup.ro<\/strong>\u00a0prelucr\u0103m strict acele date care sunt necesare r\u0103spunsului de cerere oferta c\u0103tre solicitan\u021bi \u0219i inform\u0103rii acestora cu privire la serviciile prestate, termenele de execu\u021bie \u0219i costurile percepute.<\/p>\r\n<p><strong>Baer Group colecteaz\u0103 prin intermediul site-ului urm\u0103toarele tipuri de date:<\/strong><\/p>\r\n<p>Nume si prenume, email, website si telefon.<\/p>\r\n<p>1. Datele colectate si stocate prin formularul de contract: nume, prenume, email.<\/p>\r\n<p><strong>Scopul si temeiul juridic al prelucr\u0103rii datelor:<\/strong><\/p>\r\n<p>Datele solicitate sunt necesare pentru a putea r\u0103spunde cererilor de ofert\u0103, prin email sau telefonic. Modalitatea in care se va primi r\u0103spunsul va fi stabilita de c\u0103tre reprezentantul\u00a0<strong>Baer Group<\/strong>.<\/p>\r\n<p><strong>Cum utiliz\u0103m aceste date?<\/strong><\/p>\r\n<p>Datele sunt utilizate strict pentru r\u0103spunsul la cererile de oferta ale solicitan\u021bilor, adic\u0103 furnizarea de informa\u021bii cu privire la serviciile prestate, termenele de execu\u021bie \u0219i costurile percepute. Noi nu trimitem anun\u021buri cu scop de marketing. Comunicarea cu dvs. se realizeaz\u0103 doar \u00een scop administrativ, si va fi stabilita de c\u0103tre reprezentantul Baer Group.<\/p>\r\n<p><strong>Cui mai distribuim datele?<\/strong><\/p>\r\n<p>Datele sunt prelucrate doar de compania BAER GROUP. Datele personale nu sunt distribuite altor entit\u0103\u021bi private pentru a fi folosite.<\/p>\r\n<p><strong>Securizarea \u0219i criptarea datelor<\/strong><\/p>\r\n<p>Utiliz\u0103m standardele acceptate general \u00een domeniu \u00een ceea ce prive\u0219te securitatea p\u0103str\u0103rii datelor, acolo unde este cazul \u0219i \u00een ceea ce prive\u0219te criptarea lor. V\u0103 vom anun\u021ba imediat ce descoperim accesarea datelor de persoane neautorizate, dac\u0103 va fi cazul!<\/p>\r\n<p><strong>Utilizarea \u00a0de cookies \u0219i tehnologii similare<\/strong><\/p>\r\n<p><strong>Ce sunt cookie-urile?<\/strong><\/p>\r\n<p>Utiliz\u0103m cookies\u00a0 doar \u00een interiorul softului, pentru a permite\u00a0o navigare mai buna, mai utila si pl\u0103cuta a utilizatorului \u00eentre diferitele sec\u021biuni. Nu p\u0103stram istoricul activit\u0103\u021bii utilizatorului dup\u0103 p\u0103r\u0103sirea softului \u0219i nici \u00een leg\u0103tur\u0103 cu activitatea persoanei \u00een afara softului de la adresa\u00a0<a href=\"http:\/\/baergroup.ro\/\"><strong>baergroup.ro<\/strong><\/a><strong>.<\/strong><\/p>\r\n<p>Cookie-urile sunt fi\u0219iere de mici dimensiuni, formate din litere si numere, care vor fi stocate pe terminalul utilizatorului (de ex. computerul, telefonul mobil sau alte echipamente ale unui utilizator de pe care se acceseaz\u0103 internetul). Cookie-ul este instalat prin solicitarea emisa de c\u0103tre un web-server unui browser (ex: Internet Explorer, Firefox, Opera, Safari, Chrome etc.)<\/p>\r\n<p>Pute\u021bi decide \u0219tergerea cookie-urilor sau oprirea scrierii lor, folosind set\u0103rile browserului. Dezactivarea modulelor cookie va poate \u00eempiedica sa utiliza\u021bi anumite p\u0103r\u021bi ale site-urilor sau aplica\u021biilor noastre.<\/p>\r\n<p><strong>Cine folose\u0219te si are acces la aceste informa\u021bii?<\/strong><\/p>\r\n<p><strong>*\u00a0<\/strong>Membrii Baer Group din departamentele: adminstratie, vanzari, marketing, si dezvoltare IT<strong>.<\/strong><\/p>\r\n<p><strong>Pe ce durata vor fi stocate datele ?<\/strong><\/p>\r\n<p>Datele personale sunt stocate atat timp cat vom considera c\u0103 sunt utile sau at\u00e2t timp c\u00e2t cere legea, dac\u0103 nu primim indica\u021bii exprese s\u0103 proced\u0103m altfel, de la tine.<\/p>\r\n<p><strong>Drepturile\u00a0 tale sunt:<\/strong><\/p>\r\n<p><strong>DREPTUL DE ACCES LA DATELE CU CARACTER PERSONAL<\/strong><\/p>\r\n<div>\r\n<p><strong>DREPTUL LA RECTIFICARE DATELOR PRELUCRATE<\/strong><\/p>\r\n<p><strong>DREPTUL LA OPOZITIE PRIVIND PRELUCRAREA DATELOR<\/strong><\/p>\r\n<p><strong>DREPTUL LA STERGEREA DATELOR<\/strong><\/p>\r\n<p><strong>DREPTUL LA RESTRICTIONAREA PRELUCRARII<\/strong><\/p>\r\n<p><strong>DREPTUL LA PORTABILITATEA DATELOR<\/strong><\/p>\r\n<p><strong>DREPTUL DE ANU FI SUPUS EXCLUSIV PRELUCRARII AUTOMATE\/CREARE DE PROFILURI<\/strong><\/p>\r\n<p><strong>DREPTUL DE A DEPUNE O PLANGERE LA O AUTORITATE DE SUPRAVEGHERE<\/strong><\/p>\r\n<p><strong>Cum ai acces la datele tale?<\/strong><\/p>\r\n<p>Pentru orice \u00eentreb\u0103ri sau cereri referitoare la datele cu caracter personal pe care ni le-ai transmis, inclusiv in vederea exercit\u0103rii drepturilor pe care le ai, men\u021bionate in cadrul sec\u021biunii anterioare, ne po\u021bi contacta oric\u00e2nd la:<\/p>\r\n<p>Email:\u00a0<a href=\"mailto:office@baergroup.ro\">office@baergroup.ro<\/a><\/p>\r\n<p>Telefon: <a href=\"tel:+40757497395\">+40757497395<\/a><\/p>\r\n<p>Adresa: Bvd. Republicii, 1\/115, cod po\u0219tal-430221 Baia Mare<\/p>\r\n<\/div>\r\n<p><strong>Cum pot \u0219terge datele mele personale?<\/strong><\/p>\r\n<p>Datele personale pot fi \u0219terse prin expedierea unui email c\u0103tre <a href=\"mailto:office@baergroup.ro\">office@baergroup.ro<\/a>, noi vom \u00eenregistra solicitarea dumneavoastr\u0103 iar datele vor fi \u0219terse definitiv \u00een maxim 15 zile de la primirea solicit\u0103rii, cu excep\u021bia situa\u021biei c\u00e2nd un temei legal ne oblig\u0103 s\u0103 proced\u0103m altfel.<\/p>\r\n<p><strong>Cui m\u0103 adresez \u00een cazul \u00een care nu doresc ca datele mele personale sa fie prelucrate?\u00a0 \u2013\u00a0<\/strong>dreptul la opozi\u021bie<\/p>\r\n<p>\u00cen cazul \u00een care p\u0103strarea datelor dvs. personale \u00een baza de date sau prelucrarea lor v\u0103 aduc prejudicii, pute\u021bi de asemenea s\u0103 ne scrie\u021bi pe adresa <a href=\"mailto:office@baergroup.ro\">office@baergroup.ro<\/a>\u00a0\u0219i vom lua masurile legale \u00een maxim 15 zile de la primirea solicit\u0103rii.<\/p>\r\n<p><strong>Persoana responsabil\u0103 cu prelucrarea datelor<\/strong><\/p>\r\n<p>Persoana desemnat\u0103 \u00een cadrul companiei noastre cu prelucrarea datelor cu caracter personal, este dl. Mihai Burzo. Pentru orice sugestii sau nel\u0103muriri ne pute\u021bi scrie pe adresa <a href=\"mailto:office@baergroup.ro\">office@baergroup.ro<\/a>.<\/p>\r\n<p>Ave\u021bi de asemenea dreptul sa v\u0103 adresa\u021bi Autorit\u0103\u0163ii Na\u0163ionale de Supraveghere a Prelucr\u0103rii Datelor cu Caracter Personal sau instan\u021belor competente.<\/p>\r\n<p><strong><em>Echipa Baer Group.<\/em><\/strong><\/p>\r\n<p>[\/vc_column_text][\/vc_column][\/vc_row]<\/p>","protected":false},"excerpt":{"rendered":"<p>Utilizarea datelor personale \u2013 Privacy Policy Siguran\u021ba datelor tale este important\u0103 pentru noi! Te inform\u0103m c\u0103 respect\u0103m\u00a0Regulamentul UE 2016\/679 pentru protec\u021bia datelor\u00a0\u0219i \u00ee\u021bi confirm\u0103m c\u0103 datele tale sunt \u00een siguran\u021b\u0103 cu noi! Trebuie s\u0103 \u0219tii c\u0103 atunci c\u00e2nd vine vorba de datele tale, ai mai multe drepturi pe care noi le respect\u0103m. Mai jos va [&hellip;]<\/p>\n","protected":false},"author":1,"featured_media":0,"parent":0,"menu_order":0,"comment_status":"closed","ping_status":"open","template":"page.php","meta":[],"yst_prominent_words":[],"_links":{"self":[{"href":"https:\/\/baergroup.ro\/en\/wp-json\/wp\/v2\/pages\/2410"}],"collection":[{"href":"https:\/\/baergroup.ro\/en\/wp-json\/wp\/v2\/pages"}],"about":[{"href":"https:\/\/baergroup.ro\/en\/wp-json\/wp\/v2\/types\/page"}],"author":[{"embeddable":true,"href":"https:\/\/baergroup.ro\/en\/wp-json\/wp\/v2\/users\/1"}],"replies":[{"embeddable":true,"href":"https:\/\/baergroup.ro\/en\/wp-json\/wp\/v2\/comments?post=2410"}],"version-history":[{"count":0,"href":"https:\/\/baergroup.ro\/en\/wp-json\/wp\/v2\/pages\/2410\/revisions"}],"wp:attachment":[{"href":"https:\/\/baergroup.ro\/en\/wp-json\/wp\/v2\/media?parent=2410"}],"wp:term":[{"taxonomy":"yst_prominent_words","embeddable":true,"href":"https:\/\/baergroup.ro\/en\/wp-json\/wp\/v2\/yst_prominent_words?post=2410"}],"curies":[{"name":"wp","href":"https:\/\/api.w.org\/{rel}","templated":true}]}}