{"id":2422,"date":"2021-05-25T06:35:20","date_gmt":"2021-05-25T06:35:20","guid":{"rendered":"https:\/\/fivetn.com\/baer\/?page_id=2422"},"modified":"2021-06-03T13:12:31","modified_gmt":"2021-06-03T13:12:31","slug":"ueber-uns","status":"publish","type":"page","link":"https:\/\/baergroup.ro\/de\/ueber-uns\/","title":{"rendered":"\u00dcBER UNS"},"content":{"rendered":"<p>[vc_row full_width=&#8220;stretch_row_content_no_spaces&#8220; full_height=&#8220;yes&#8220; columns_placement=&#8220;stretch&#8220; equal_height=&#8220;yes&#8220; bg_type=&#8220;bg_color&#8220; bg_override=&#8220;ex-full&#8220; bg_color_value=&#8220;#ffffff&#8220;][vc_column css_animation=&#8220;fadeInLeft&#8220; width=&#8220;1\/2&#8243; css=&#8220;.vc_custom_1621257174045{background-position: center !important;background-repeat: no-repeat !important;background-size: cover !important;}&#8220; el_class=&#8220;greyscale&#8220;][vc_single_image image=&#8220;822&#8243; img_size=&#8220;full&#8220;][\/vc_column][vc_column css_animation=&#8220;fadeInRight&#8220; width=&#8220;1\/2&#8243;]<div class=\"ult-content-box-container \" >\t\t<div class=\"ult-content-box\" style=\"box-shadow: px px px px none;padding:50px;-webkit-transition: all 700ms ease;-moz-transition: all 700ms ease;-ms-transition: all 700ms ease;-o-transition: all 700ms ease;transition: all 700ms ease;\"  data-hover_box_shadow=\"none\"    ><div class=\"ult-spacer spacer-69fb769a05498\" data-id=\"69fb769a05498\" data-height=\"10\" data-height-mobile=\"30\" data-height-tab=\"\" data-height-tab-portrait=\"50\" data-height-mobile-landscape=\"30\" style=\"clear:both;display:block;\"><\/div>[vc_custom_heading text=&#8220;\u00dcBER UNS&#8220; use_theme_fonts=&#8220;yes&#8220; el_class=&#8220;no-letter-spacing&#8220;][vc_empty_space height=&#8220;10px&#8220;][vc_column_text]Unsere Unternehmensgruppe bietet komplette Bauwesen-Dienstleistungen an, die, dank der in Gestaltung spezialisierten Betriebsst\u00e4tten in Stuttgart, Cluj-Napoca und Baia Mare, mehrere Regionen aus Rum\u00e4nien und Deutschland abdecken: Architektur, Stadtplanung, Bautechnik, Anlagen und Innen- \/ Au\u00dfendesign, den Kunden eine gro\u00dfe Auswahl von Dienstleistungen, von Geb\u00e4udegestaltung, Beratung und Analyse hinsichtlich der zuk\u00fcnftigen Entwicklungsprojekte bis hin zu deren F\u00f6rderung anbietend.<\/p>\n<p>Jedes Projekt stellt eine vielf\u00e4ltige Serie von Herausforderungen und Gelegenheiten dar. Unabh\u00e4ngig von der Gr\u00f6\u00dfe des Projekts, unser Projektionsteam widmet sich den Dienstleistungen, die die anspruchsvollsten Bed\u00fcrfnisse erf\u00fcllen, bzw. dem Wert und der Innovation, die unsere Kunden von uns erwarten.<\/p>\n<p>Gleichfalls verstehen wir, dass jeder Kunde einzigartige, ihren Bauprojekten verbundenen Anspr\u00fcche hat. Aus diesem Grund passen wir insbesonders unsere Dienste an, um den Kunden am besten zu bedienen und gleichzeitig eine ganze Palette unserer Erfahrung anzubieten, ausgehend von einer Idee, bis zu ihrer Umsetzung in der Ausf\u00fchrung.[\/vc_column_text][vc_empty_space height=&#8220;10px&#8220;][vc_column_text]<strong>architekt manager, Mihai Burzo<\/strong>[\/vc_column_text][vc_column_text]<img loading=\"lazy\" src=\"https:\/\/baergroup.ro\/wp-content\/uploads\/2021\/05\/SEMNATURA-ARHITECT-MANAGER-MIHAI-BURZO-1.svg\" alt=\"\" width=\"200\" height=\"200\" \/>[\/vc_column_text][vc_empty_space height=&#8220;40px&#8220;][vc_custom_heading text=&#8220;FOLLOW US&#8220; font_container=&#8220;tag:h4|text_align:left&#8220; use_theme_fonts=&#8220;yes&#8220; el_class=&#8220;no-letter-spacing&#8220;][vc_widget_sidebar sidebar_id=&#8220;despre&#8220;]<div class=\"ult-spacer spacer-69fb769a054b8\" data-id=\"69fb769a054b8\" data-height=\"\" data-height-mobile=\"50\" data-height-tab=\"\" data-height-tab-portrait=\"50\" data-height-mobile-landscape=\"50\" style=\"clear:both;display:block;\"><\/div>\t\t<\/div><\/div>[\/vc_column][\/vc_row]<\/p>\n","protected":false},"excerpt":{"rendered":"<p>[vc_row full_width=&#8220;stretch_row_content_no_spaces&#8220; full_height=&#8220;yes&#8220; columns_placement=&#8220;stretch&#8220; equal_height=&#8220;yes&#8220; bg_type=&#8220;bg_color&#8220; bg_override=&#8220;ex-full&#8220; bg_color_value=&#8220;#ffffff&#8220;][vc_column css_animation=&#8220;fadeInLeft&#8220; width=&#8220;1\/2&#8243; css=&#8220;.vc_custom_1621257174045{background-position: center !important;background-repeat: no-repeat !important;background-size: cover !important;}&#8220; el_class=&#8220;greyscale&#8220;][vc_single_image image=&#8220;822&#8243; img_size=&#8220;full&#8220;][\/vc_column][vc_column css_animation=&#8220;fadeInRight&#8220; width=&#8220;1\/2&#8243;][\/vc_column][\/vc_row]<\/p>\n","protected":false},"author":1,"featured_media":0,"parent":0,"menu_order":0,"comment_status":"closed","ping_status":"closed","template":"page.php","meta":[],"yst_prominent_words":[],"_links":{"self":[{"href":"https:\/\/baergroup.ro\/de\/wp-json\/wp\/v2\/pages\/2422"}],"collection":[{"href":"https:\/\/baergroup.ro\/de\/wp-json\/wp\/v2\/pages"}],"about":[{"href":"https:\/\/baergroup.ro\/de\/wp-json\/wp\/v2\/types\/page"}],"author":[{"embeddable":true,"href":"https:\/\/baergroup.ro\/de\/wp-json\/wp\/v2\/users\/1"}],"replies":[{"embeddable":true,"href":"https:\/\/baergroup.ro\/de\/wp-json\/wp\/v2\/comments?post=2422"}],"version-history":[{"count":0,"href":"https:\/\/baergroup.ro\/de\/wp-json\/wp\/v2\/pages\/2422\/revisions"}],"wp:attachment":[{"href":"https:\/\/baergroup.ro\/de\/wp-json\/wp\/v2\/media?parent=2422"}],"wp:term":[{"taxonomy":"yst_prominent_words","embeddable":true,"href":"https:\/\/baergroup.ro\/de\/wp-json\/wp\/v2\/yst_prominent_words?post=2422"}],"curies":[{"name":"wp","href":"https:\/\/api.w.org\/{rel}","templated":true}]}}